{"id":752,"date":"2025-11-01T12:17:10","date_gmt":"2025-11-01T12:17:10","guid":{"rendered":"https:\/\/creator-cash.com\/?page_id=752"},"modified":"2025-11-01T12:17:41","modified_gmt":"2025-11-01T12:17:41","slug":"impressum","status":"publish","type":"page","link":"https:\/\/creator-cash.com\/de\/impressum\/","title":{"rendered":"Impressum"},"content":{"rendered":"<div class=\"page-wrapper\">\n<h2>Angaben gem\u00e4\u00df \u00a7 5 TMG<\/h2>\n<h3>Betreiber dieser Webseite<\/h3>\n<p>\nKevin Kunkel<br \/>\nHasselbrookstra\u00dfe 5a<br \/>\n22089 Hamburg<br \/>\nDeutschland\n<\/p>\n<h3>Kontakt<\/h3>\n<p>\nE-Mail: info@creator-cash.com\n<\/p>\n<h3>Umsatzsteuer-ID<\/h3>\n<p>\nUmsatzsteuer-Identifikationsnummer gem\u00e4\u00df \u00a7 27 a Umsatzsteuergesetz:<br \/>\nDE304420329\n<\/p>\n<h3>Verantwortlich f\u00fcr den Inhalt nach \u00a7 55 Abs. 2 RStV<\/h3>\n<p>\nKevin Kunkel<br \/>\nHasselbrookstra\u00dfe 5a<br \/>\n22089 Hamburg<br \/>\nDeutschland\n<\/p>\n<h3>Haftung f\u00fcr Inhalte<\/h3>\n<p>\nDie Inhalte unserer Seiten wurden mit gr\u00f6\u00dfter Sorgfalt erstellt. F\u00fcr die Richtigkeit, Vollst\u00e4ndigkeit und Aktualit\u00e4t der Inhalte k\u00f6nnen wir jedoch keine Gew\u00e4hr \u00fcbernehmen. Als Diensteanbieter sind wir gem\u00e4\u00df \u00a7 7 Abs. 1 TMG f\u00fcr eigene Inhalte auf diesen Seiten nach den allgemeinen Gesetzen verantwortlich. Nach \u00a7\u00a7 8 bis 10 TMG sind wir als Diensteanbieter jedoch nicht verpflichtet, \u00fcbermittelte oder gespeicherte fremde Informationen zu \u00fcberwachen oder nach Umst\u00e4nden zu forschen, die auf eine rechtswidrige T\u00e4tigkeit hinweisen. Verpflichtungen zur Entfernung oder Sperrung der Nutzung von Informationen nach den allgemeinen Gesetzen bleiben hiervon unber\u00fchrt. Eine diesbez\u00fcgliche Haftung ist jedoch erst ab dem Zeitpunkt der Kenntnis einer konkreten Rechtsverletzung m\u00f6glich. Bei Bekanntwerden entsprechender Rechtsverletzungen werden wir diese Inhalte umgehend entfernen.\n<\/p>\n<h3>Haftung f\u00fcr Links<\/h3>\n<p>\nUnser Angebot enth\u00e4lt Links zu externen Websites Dritter, auf deren Inhalte wir keinen Einfluss haben. Deshalb k\u00f6nnen wir f\u00fcr diese fremden Inhalte auch keine Gew\u00e4hr \u00fcbernehmen. F\u00fcr die Inhalte der verlinkten Seiten ist stets der jeweilige Anbieter oder Betreiber der Seiten verantwortlich. Die verlinkten Seiten wurden zum Zeitpunkt der Verlinkung auf m\u00f6gliche Rechtsverst\u00f6\u00dfe \u00fcberpr\u00fcft. Rechtswidrige Inhalte waren zum Zeitpunkt der Verlinkung nicht erkennbar. Eine permanente inhaltliche Kontrolle der verlinkten Seiten ist jedoch ohne konkrete Anhaltspunkte einer Rechtsverletzung nicht zumutbar. Bei Bekanntwerden von Rechtsverletzungen werden wir derartige Links umgehend entfernen.\n<\/p>\n<h3>Urheberrecht<\/h3>\n<p>\nDie durch die Seitenbetreiber erstellten Inhalte und Werke auf diesen Seiten unterliegen dem deutschen Urheberrecht. Die Vervielf\u00e4ltigung, Bearbeitung, Verbreitung und jede Art der Verwertung au\u00dferhalb der Grenzen des Urheberrechts bed\u00fcrfen der schriftlichen Zustimmung des jeweiligen Autors bzw. Erstellers. Downloads und Kopien dieser Seite sind nur f\u00fcr den privaten, nicht kommerziellen Gebrauch gestattet. Soweit die Inhalte auf dieser Seite nicht vom Betreiber erstellt wurden, werden die Urheberrechte Dritter beachtet und entsprechende Inhalte als solche gekennzeichnet. Sollten Sie trotzdem auf eine Urheberrechtsverletzung aufmerksam werden, bitten wir um einen entsprechenden Hinweis. Bei Bekanntwerden von Rechtsverletzungen werden wir derartige Inhalte umgehend entfernen.\n<\/p>\n<h3>Online-Streitbeilegung<\/h3>\n<p>\nDie Europ\u00e4ische Kommission stellt eine Plattform zur Online-Streitbeilegung (OS) bereit:<br \/>\n<a href=\"https:\/\/ec.europa.eu\/consumers\/odr\" target=\"_blank\" rel=\"noopener noreferrer\"><br \/>\nhttps:\/\/ec.europa.eu\/consumers\/odr<br \/>\n<\/a><br \/>\nUnsere E-Mail-Adresse finden Sie oben im Impressum.\n<\/p>\n<\/div>\n","protected":false},"excerpt":{"rendered":"<p>Angaben gem\u00e4\u00df \u00a7 5 TMG Betreiber dieser Webseite Kevin Kunkel Hasselbrookstra\u00dfe 5a 22089 Hamburg Deutschland Kontakt E-Mail: info@creator-cash.com Umsatzsteuer-ID Umsatzsteuer-Identifikationsnummer gem\u00e4\u00df \u00a7 27 a Umsatzsteuergesetz: DE304420329 Verantwortlich f\u00fcr den Inhalt nach \u00a7 55 Abs. 2 RStV Kevin Kunkel Hasselbrookstra\u00dfe 5a 22089 Hamburg Deutschland Haftung f\u00fcr Inhalte Die Inhalte unserer Seiten wurden mit gr\u00f6\u00dfter Sorgfalt erstellt. &#8230; <a title=\"Impressum\" class=\"read-more\" href=\"https:\/\/creator-cash.com\/de\/impressum\/\" aria-label=\"Mehr Informationen \u00fcber Impressum\">Weiterlesen &#8230;<\/a><\/p>\n","protected":false},"author":1,"featured_media":0,"parent":0,"menu_order":0,"comment_status":"closed","ping_status":"closed","template":"","meta":{"_acf_changed":false,"footnotes":""},"class_list":["post-752","page","type-page","status-publish"],"acf":[],"_links":{"self":[{"href":"https:\/\/creator-cash.com\/de\/wp-json\/wp\/v2\/pages\/752","targetHints":{"allow":["GET"]}}],"collection":[{"href":"https:\/\/creator-cash.com\/de\/wp-json\/wp\/v2\/pages"}],"about":[{"href":"https:\/\/creator-cash.com\/de\/wp-json\/wp\/v2\/types\/page"}],"author":[{"embeddable":true,"href":"https:\/\/creator-cash.com\/de\/wp-json\/wp\/v2\/users\/1"}],"replies":[{"embeddable":true,"href":"https:\/\/creator-cash.com\/de\/wp-json\/wp\/v2\/comments?post=752"}],"version-history":[{"count":2,"href":"https:\/\/creator-cash.com\/de\/wp-json\/wp\/v2\/pages\/752\/revisions"}],"predecessor-version":[{"id":755,"href":"https:\/\/creator-cash.com\/de\/wp-json\/wp\/v2\/pages\/752\/revisions\/755"}],"wp:attachment":[{"href":"https:\/\/creator-cash.com\/de\/wp-json\/wp\/v2\/media?parent=752"}],"curies":[{"name":"wp","href":"https:\/\/api.w.org\/{rel}","templated":true}]}}